{"id":1806,"date":"2019-03-20T06:34:30","date_gmt":"2019-03-20T06:34:30","guid":{"rendered":"http:\/\/themebeer.com\/wp\/fexa\/?page_id=1806"},"modified":"2021-01-01T20:33:23","modified_gmt":"2021-01-01T20:33:23","slug":"droit-des-affaires-contentieux","status":"publish","type":"page","link":"https:\/\/benseghirpartners.com\/en\/domaines-dintervention\/droit-des-affaires-contentieux\/","title":{"rendered":"Business law &amp; Litigation"},"content":{"rendered":"<header class=\"page-header\">\n<h1 class=\"page-title\"><span style=\"font-size: 16px;\">B&amp;P has been in regular operations of acquisition, disposal, merger and restructuring of companies both in Morocco and internationally.<\/span><\/h1>\n<\/header>\n<div class=\"entry-content\">\n<p class=\"has-text-align-left\">Proven experience of B&amp;P Corporate Law promotes an accompanying companies in the concrete implementation of their development plans, while ensuring the legal monitoring of their operations more common.<\/p>\n<p class=\"has-text-align-left\">B&amp;P is involved in litigation related to business law, for any and all forms of procedures and before all types of courts.<\/p>\n<p class=\"has-text-align-left\">For example, B&amp;P has been in disputes arising in connection with the operations of acquisitions and merger, including the implementation of shareholders &#039; agreements, guarantees, liability, management liability, litigation, banking... The day before case law inherent in the litigation is a valuable tool for the identification and prevention in the context of the structuring and implementation of the operations of capital investment.<\/p>\n<p class=\"has-text-align-left\">B&amp;P also develops and proven expertise for all the advice and litigation relating to companies in difficulty, both in the phase of prevention (mandat ad hoc conciliation) in the follow-up of collective actions (backup, recovery, liquidation), for the account of the company or its creditors, including the bank.<\/p>\n<\/div>\n<div id=\"gtx-trans\" style=\"position: absolute; left: -196px; top: 9.0375px;\">\n<div class=\"gtx-trans-icon\"><\/div>\n<\/div>","protected":false},"excerpt":{"rendered":"<p>B&amp;P intervient r\u00e9guli\u00e8rement dans des op\u00e9rations d\u2019acquisition, de cession, de rapprochement et de restructuration d\u2019entreprises tant au Maroc qu\u2019\u00e0 l\u2019international. L\u2019exp\u00e9rience reconnue de B&amp;P en Droit des Soci\u00e9t\u00e9s favorise un accompagnement des entreprises dans la mise en \u0153uvre&#8230;<\/p>","protected":false},"author":1,"featured_media":0,"parent":1817,"menu_order":0,"comment_status":"closed","ping_status":"closed","template":"","meta":{"footnotes":""},"class_list":["post-1806","page","type-page","status-publish","hentry"],"_links":{"self":[{"href":"https:\/\/benseghirpartners.com\/en\/wp-json\/wp\/v2\/pages\/1806","targetHints":{"allow":["GET"]}}],"collection":[{"href":"https:\/\/benseghirpartners.com\/en\/wp-json\/wp\/v2\/pages"}],"about":[{"href":"https:\/\/benseghirpartners.com\/en\/wp-json\/wp\/v2\/types\/page"}],"author":[{"embeddable":true,"href":"https:\/\/benseghirpartners.com\/en\/wp-json\/wp\/v2\/users\/1"}],"replies":[{"embeddable":true,"href":"https:\/\/benseghirpartners.com\/en\/wp-json\/wp\/v2\/comments?post=1806"}],"version-history":[{"count":4,"href":"https:\/\/benseghirpartners.com\/en\/wp-json\/wp\/v2\/pages\/1806\/revisions"}],"predecessor-version":[{"id":2180,"href":"https:\/\/benseghirpartners.com\/en\/wp-json\/wp\/v2\/pages\/1806\/revisions\/2180"}],"up":[{"embeddable":true,"href":"https:\/\/benseghirpartners.com\/en\/wp-json\/wp\/v2\/pages\/1817"}],"wp:attachment":[{"href":"https:\/\/benseghirpartners.com\/en\/wp-json\/wp\/v2\/media?parent=1806"}],"curies":[{"name":"wp","href":"https:\/\/api.w.org\/{rel}","templated":true}]}}