{"id":1812,"date":"2019-03-20T06:42:50","date_gmt":"2019-03-20T06:42:50","guid":{"rendered":"http:\/\/themebeer.com\/wp\/fexa\/business-law-copy\/"},"modified":"2021-01-01T20:35:16","modified_gmt":"2021-01-01T20:35:16","slug":"droit-penal-et-droit-penal-des-affaires","status":"publish","type":"page","link":"https:\/\/benseghirpartners.com\/en\/domaines-dintervention\/droit-penal-et-droit-penal-des-affaires\/","title":{"rendered":"Criminal law and criminal business Law"},"content":{"rendered":"<p>B&amp;P is present at all stages of the criminal proceedings that may affect the social activity (including business activities, governance, financial management and accounting, social relations). It also features an accepted practice in criminal law, banking, criminal law, tax and criminal law, financial.<\/p>\n<p>The Firm regularly assists his clients in cases of sensitive nature such as the illegal catch of interest, corruption, influence-peddling.<\/p>\n<p>He has developed a great expertise in the areas of criminal law, the environment, criminal law, health law, criminal procedure of the work of the criminal law of industrial activities (offences unintentional), cyber-crime, the protection of personal data, the criminal law of competition and the distribution and consumption.<\/p>\n<p>It is also involved in the implementation of the process\u00a0<em>compliance<\/em>\u00a0in particular, in the field of anti-corruption and anti-money laundering. It also offers strategies required civilian when his clients are victims of crime (including the extent of precautionary assets and enforcement action.<\/p>","protected":false},"excerpt":{"rendered":"<p>B&amp;P intervient \u00e0 tous les stades de la proc\u00e9dure p\u00e9nale susceptible d\u2019affecter l\u2019activit\u00e9 sociale (notamment activit\u00e9s commerciales, gouvernance, gestion financi\u00e8re et comptable, relations sociales). Il dispose \u00e9galement d\u2019une pratique reconnue\u00a0en mati\u00e8re de droit p\u00e9nal bancaire, droit p\u00e9nal fiscal&#8230;<\/p>","protected":false},"author":1,"featured_media":0,"parent":1817,"menu_order":0,"comment_status":"closed","ping_status":"closed","template":"","meta":{"footnotes":""},"class_list":["post-1812","page","type-page","status-publish","hentry"],"_links":{"self":[{"href":"https:\/\/benseghirpartners.com\/en\/wp-json\/wp\/v2\/pages\/1812","targetHints":{"allow":["GET"]}}],"collection":[{"href":"https:\/\/benseghirpartners.com\/en\/wp-json\/wp\/v2\/pages"}],"about":[{"href":"https:\/\/benseghirpartners.com\/en\/wp-json\/wp\/v2\/types\/page"}],"author":[{"embeddable":true,"href":"https:\/\/benseghirpartners.com\/en\/wp-json\/wp\/v2\/users\/1"}],"replies":[{"embeddable":true,"href":"https:\/\/benseghirpartners.com\/en\/wp-json\/wp\/v2\/comments?post=1812"}],"version-history":[{"count":3,"href":"https:\/\/benseghirpartners.com\/en\/wp-json\/wp\/v2\/pages\/1812\/revisions"}],"predecessor-version":[{"id":2182,"href":"https:\/\/benseghirpartners.com\/en\/wp-json\/wp\/v2\/pages\/1812\/revisions\/2182"}],"up":[{"embeddable":true,"href":"https:\/\/benseghirpartners.com\/en\/wp-json\/wp\/v2\/pages\/1817"}],"wp:attachment":[{"href":"https:\/\/benseghirpartners.com\/en\/wp-json\/wp\/v2\/media?parent=1812"}],"curies":[{"name":"wp","href":"https:\/\/api.w.org\/{rel}","templated":true}]}}