{"id":1814,"date":"2019-03-20T06:43:05","date_gmt":"2019-03-20T06:43:05","guid":{"rendered":"http:\/\/themebeer.com\/wp\/fexa\/civil-rights-copy\/"},"modified":"2021-01-01T20:31:04","modified_gmt":"2021-01-01T20:31:04","slug":"propriete-intellectuelle","status":"publish","type":"page","link":"https:\/\/benseghirpartners.com\/en\/domaines-dintervention\/propriete-intellectuelle\/","title":{"rendered":"Intellectual property"},"content":{"rendered":"<p>B&amp;P provides all legal aspects related to intellectual property, with a specific expertise in the area of strategic consulting for the acquisition, operation, and the defence portfolio of intangible assets at the international level. B&amp;P has developed in parallel with a solid experience in litigation including litigation of infringement or unfair competition in Morocco and abroad.<\/p>\n<p>B&amp;P offers a complete service, ranging from the audit of the intellectual heritage of the companies, assistance in negotiating and drafting it contracts, contracts of assignment, license, or coexistence.<\/p>\n<p>Our team benefit from a strong experience in the development of digital technologies, and guide in compliance with the various regulations moroccan and european, especially in relation to the protection of personal data.<\/p>","protected":false},"excerpt":{"rendered":"<p>B&amp;P assure l\u2019ensemble des aspects juridiques li\u00e9s \u00e0 la propri\u00e9t\u00e9 intellectuelle, avec une expertise sp\u00e9cifique en mati\u00e8re de conseil strat\u00e9gique pour l\u2019acquisition, l\u2019exploitation et la d\u00e9fense de portefeuille d\u2019actifs immat\u00e9riels au niveau international. B&amp;P a d\u00e9velopp\u00e9 en parall\u00e8le&#8230;<\/p>","protected":false},"author":1,"featured_media":0,"parent":1817,"menu_order":0,"comment_status":"closed","ping_status":"closed","template":"","meta":{"footnotes":""},"class_list":["post-1814","page","type-page","status-publish","hentry"],"_links":{"self":[{"href":"https:\/\/benseghirpartners.com\/en\/wp-json\/wp\/v2\/pages\/1814","targetHints":{"allow":["GET"]}}],"collection":[{"href":"https:\/\/benseghirpartners.com\/en\/wp-json\/wp\/v2\/pages"}],"about":[{"href":"https:\/\/benseghirpartners.com\/en\/wp-json\/wp\/v2\/types\/page"}],"author":[{"embeddable":true,"href":"https:\/\/benseghirpartners.com\/en\/wp-json\/wp\/v2\/users\/1"}],"replies":[{"embeddable":true,"href":"https:\/\/benseghirpartners.com\/en\/wp-json\/wp\/v2\/comments?post=1814"}],"version-history":[{"count":2,"href":"https:\/\/benseghirpartners.com\/en\/wp-json\/wp\/v2\/pages\/1814\/revisions"}],"predecessor-version":[{"id":2184,"href":"https:\/\/benseghirpartners.com\/en\/wp-json\/wp\/v2\/pages\/1814\/revisions\/2184"}],"up":[{"embeddable":true,"href":"https:\/\/benseghirpartners.com\/en\/wp-json\/wp\/v2\/pages\/1817"}],"wp:attachment":[{"href":"https:\/\/benseghirpartners.com\/en\/wp-json\/wp\/v2\/media?parent=1814"}],"curies":[{"name":"wp","href":"https:\/\/api.w.org\/{rel}","templated":true}]}}