{"id":1819,"date":"2019-03-20T06:44:14","date_gmt":"2019-03-20T06:44:14","guid":{"rendered":"http:\/\/themebeer.com\/wp\/fexa\/practice-area\/education-law-copy\/"},"modified":"2021-01-01T20:27:46","modified_gmt":"2021-01-01T20:27:46","slug":"droit-du-numerique-et-securite","status":"publish","type":"page","link":"https:\/\/benseghirpartners.com\/en\/domaines-dintervention\/droit-du-numerique-et-securite\/","title":{"rendered":"Law of Digital and Security"},"content":{"rendered":"<p>We have you covered for all issues of contract management in the field of new technologies and contentious issues are complex: cybercrime, copyright infringement, security breaches and violations in the field of protection of personal data.<\/p>\n<p>We advise in the development, implementation and deployment of web-based platforms and international or regional e-commerce solutions, IoT, electronic means of payment, etc)<\/p>","protected":false},"excerpt":{"rendered":"<p>Nous vous accompagnons pour toutes les probl\u00e9matiques de gestion des contrats en mati\u00e8re de nouvelles technologies et des questions litigieuses complexes: cybercriminalit\u00e9, violation des droits d\u2019auteur, failles de s\u00e9curit\u00e9 et violation en mati\u00e8re de protection de donn\u00e9es \u00e0&#8230;<\/p>","protected":false},"author":1,"featured_media":0,"parent":1817,"menu_order":0,"comment_status":"closed","ping_status":"closed","template":"","meta":{"footnotes":""},"class_list":["post-1819","page","type-page","status-publish","hentry"],"_links":{"self":[{"href":"https:\/\/benseghirpartners.com\/en\/wp-json\/wp\/v2\/pages\/1819","targetHints":{"allow":["GET"]}}],"collection":[{"href":"https:\/\/benseghirpartners.com\/en\/wp-json\/wp\/v2\/pages"}],"about":[{"href":"https:\/\/benseghirpartners.com\/en\/wp-json\/wp\/v2\/types\/page"}],"author":[{"embeddable":true,"href":"https:\/\/benseghirpartners.com\/en\/wp-json\/wp\/v2\/users\/1"}],"replies":[{"embeddable":true,"href":"https:\/\/benseghirpartners.com\/en\/wp-json\/wp\/v2\/comments?post=1819"}],"version-history":[{"count":4,"href":"https:\/\/benseghirpartners.com\/en\/wp-json\/wp\/v2\/pages\/1819\/revisions"}],"predecessor-version":[{"id":2279,"href":"https:\/\/benseghirpartners.com\/en\/wp-json\/wp\/v2\/pages\/1819\/revisions\/2279"}],"up":[{"embeddable":true,"href":"https:\/\/benseghirpartners.com\/en\/wp-json\/wp\/v2\/pages\/1817"}],"wp:attachment":[{"href":"https:\/\/benseghirpartners.com\/en\/wp-json\/wp\/v2\/media?parent=1819"}],"curies":[{"name":"wp","href":"https:\/\/api.w.org\/{rel}","templated":true}]}}