{"id":1821,"date":"2019-03-20T06:44:27","date_gmt":"2019-03-20T06:44:27","guid":{"rendered":"http:\/\/themebeer.com\/wp\/fexa\/practice-area\/insurance-defence-copy\/"},"modified":"2021-01-01T20:22:57","modified_gmt":"2021-01-01T20:22:57","slug":"droit-fiscal","status":"publish","type":"page","link":"https:\/\/benseghirpartners.com\/en\/domaines-dintervention\/droit-fiscal\/","title":{"rendered":"Tax Law"},"content":{"rendered":"<p>The tax law complements the skills of the B&amp;P , both through its expertise in the areas of capital investment and mergers and acquisitions and, more generally, corporate law<strong>.<\/strong><\/p>\n<p>Capital investment, B&amp;P offers practical solutions, and secure in the interest of optimization of tax during the tax structuring mergers &amp; acquisitions, LBO and joint-venture or during the reorganization of the groups.<\/p>\n<p>The heritage dimension is also taken into account, which enables investors to anticipate the concerns of leaders and managers to perceive the patrimonial consequences of their investment or their assignment.<\/p>\n<p>The tax department is involved, incidentally, in the field of tax litigation for businesses and individuals.<\/p>","protected":false},"excerpt":{"rendered":"<p>Le droit fiscal compl\u00e8te les comp\u00e9tences de B&amp;P , tant de par son expertise dans les domaines du capital investissement et des fusions-acquisitions et, plus g\u00e9n\u00e9ralement, du droit des soci\u00e9t\u00e9s. En capital investissement, B&amp;P propose des solutions pratiques&#8230;<\/p>","protected":false},"author":1,"featured_media":0,"parent":1817,"menu_order":0,"comment_status":"closed","ping_status":"closed","template":"","meta":{"footnotes":""},"class_list":["post-1821","page","type-page","status-publish","hentry"],"_links":{"self":[{"href":"https:\/\/benseghirpartners.com\/en\/wp-json\/wp\/v2\/pages\/1821","targetHints":{"allow":["GET"]}}],"collection":[{"href":"https:\/\/benseghirpartners.com\/en\/wp-json\/wp\/v2\/pages"}],"about":[{"href":"https:\/\/benseghirpartners.com\/en\/wp-json\/wp\/v2\/types\/page"}],"author":[{"embeddable":true,"href":"https:\/\/benseghirpartners.com\/en\/wp-json\/wp\/v2\/users\/1"}],"replies":[{"embeddable":true,"href":"https:\/\/benseghirpartners.com\/en\/wp-json\/wp\/v2\/comments?post=1821"}],"version-history":[{"count":2,"href":"https:\/\/benseghirpartners.com\/en\/wp-json\/wp\/v2\/pages\/1821\/revisions"}],"predecessor-version":[{"id":2189,"href":"https:\/\/benseghirpartners.com\/en\/wp-json\/wp\/v2\/pages\/1821\/revisions\/2189"}],"up":[{"embeddable":true,"href":"https:\/\/benseghirpartners.com\/en\/wp-json\/wp\/v2\/pages\/1817"}],"wp:attachment":[{"href":"https:\/\/benseghirpartners.com\/en\/wp-json\/wp\/v2\/media?parent=1821"}],"curies":[{"name":"wp","href":"https:\/\/api.w.org\/{rel}","templated":true}]}}