{"id":1823,"date":"2019-03-20T06:44:45","date_gmt":"2019-03-20T06:44:45","guid":{"rendered":"http:\/\/themebeer.com\/wp\/fexa\/practice-area\/real-estate-law-copy\/"},"modified":"2021-01-01T20:28:58","modified_gmt":"2021-01-01T20:28:58","slug":"droits-des-contrats","status":"publish","type":"page","link":"https:\/\/benseghirpartners.com\/en\/domaines-dintervention\/droits-des-contrats\/","title":{"rendered":"Rights Contracts"},"content":{"rendered":"<p>The Firm\u00a0<strong>Benseghir &amp; Partners<\/strong>\u00a0responding generally to the needs of its customers in commercial matters.<\/p>\n<ul>\n<li>Consortium agreements technological or industrial agreements, R&amp;D<\/li>\n<li>Public order and public procurement<\/li>\n<li>Relationships between suppliers and distributors, group purchasing<\/li>\n<li>General and specific Conditions of services all sectors<\/li>\n<li>Contracts of cooperation in trade, outsourcing, supply, intermediaries<\/li>\n<li>Groups momentary business<\/li>\n<li>Assistance in the drafting of tenders, public or private, RFP<\/li>\n<li>Action for the payment, recovery and breach of contract<\/li>\n<\/ul>\n<p>The lawyers of the Firm\u00a0<strong>Benseghir &amp; Partners<\/strong>\u00a0assist clients in the context of the drafting of contracts of private law or public law, and in the context of litigation incurred.<\/p>\n<div id=\"jp-post-flair\" class=\"sharedaddy sd-like-enabled sd-sharing-enabled\">\n<div class=\"sharedaddy sd-sharing-enabled\" tabindex=\"0\"><\/div>\n<\/div>","protected":false},"excerpt":{"rendered":"<p>Le Cabinet\u00a0Benseghir &amp; Partners\u00a0r\u00e9pond plus g\u00e9n\u00e9ralement aux besoins de ses clients en mati\u00e8re commerciale. Accords de consortium technologiques ou industriels, accords de R&amp;D Commande publique et march\u00e9s publics Relations entre fournisseurs et distributeurs, centrales d\u2019achats Conditions g\u00e9n\u00e9rales et&#8230;<\/p>","protected":false},"author":1,"featured_media":0,"parent":1817,"menu_order":0,"comment_status":"closed","ping_status":"closed","template":"","meta":{"footnotes":""},"class_list":["post-1823","page","type-page","status-publish","hentry"],"_links":{"self":[{"href":"https:\/\/benseghirpartners.com\/en\/wp-json\/wp\/v2\/pages\/1823","targetHints":{"allow":["GET"]}}],"collection":[{"href":"https:\/\/benseghirpartners.com\/en\/wp-json\/wp\/v2\/pages"}],"about":[{"href":"https:\/\/benseghirpartners.com\/en\/wp-json\/wp\/v2\/types\/page"}],"author":[{"embeddable":true,"href":"https:\/\/benseghirpartners.com\/en\/wp-json\/wp\/v2\/users\/1"}],"replies":[{"embeddable":true,"href":"https:\/\/benseghirpartners.com\/en\/wp-json\/wp\/v2\/comments?post=1823"}],"version-history":[{"count":3,"href":"https:\/\/benseghirpartners.com\/en\/wp-json\/wp\/v2\/pages\/1823\/revisions"}],"predecessor-version":[{"id":2186,"href":"https:\/\/benseghirpartners.com\/en\/wp-json\/wp\/v2\/pages\/1823\/revisions\/2186"}],"up":[{"embeddable":true,"href":"https:\/\/benseghirpartners.com\/en\/wp-json\/wp\/v2\/pages\/1817"}],"wp:attachment":[{"href":"https:\/\/benseghirpartners.com\/en\/wp-json\/wp\/v2\/media?parent=1823"}],"curies":[{"name":"wp","href":"https:\/\/api.w.org\/{rel}","templated":true}]}}