{"id":1806,"date":"2019-03-20T06:34:30","date_gmt":"2019-03-20T06:34:30","guid":{"rendered":"http:\/\/themebeer.com\/wp\/fexa\/?page_id=1806"},"modified":"2021-01-01T20:33:23","modified_gmt":"2021-01-01T20:33:23","slug":"droit-des-affaires-contentieux","status":"publish","type":"page","link":"https:\/\/benseghirpartners.com\/es\/domaines-dintervention\/droit-des-affaires-contentieux\/","title":{"rendered":"Derecho de los negocios &amp; Litigio"},"content":{"rendered":"<header class=\"page-header\">\n<h1 class=\"page-title\"><span style=\"font-size: 16px;\">B&amp;P ha estado en regular las operaciones de adquisici\u00f3n, venta, fusi\u00f3n y reestructuraci\u00f3n de empresas, tanto en Marruecos como en el internacional.<\/span><\/h1>\n<\/header>\n<div class=\"entry-content\">\n<p class=\"has-text-align-left\">Experiencia comprobada de B&amp;P de la Ley Corporativa promueve un acompa\u00f1amiento de las empresas en la aplicaci\u00f3n concreta de sus planes de desarrollo, garantizando la legal la supervisi\u00f3n de sus operaciones m\u00e1s comunes.<\/p>\n<p class=\"has-text-align-left\">B&amp;P est\u00e1 involucrado en litigios relacionados con el derecho de la empresa, para cualquier y todas las formas de procedimientos y ante toda clase de tribunales.<\/p>\n<p class=\"has-text-align-left\">Por ejemplo, B&amp;P ha sido en los litigios que surjan en relaci\u00f3n con las operaciones de adquisiciones y fusiones, incluyendo la implementaci\u00f3n de acuerdos de accionistas, garant\u00edas, responsabilidad, gesti\u00f3n de la responsabilidad, litigios, la banca... El d\u00eda antes de la jurisprudencia inherente en el litigio es una herramienta valiosa para la identificaci\u00f3n y prevenci\u00f3n en el contexto de la estructuraci\u00f3n y ejecuci\u00f3n de las operaciones de inversi\u00f3n de capital.<\/p>\n<p class=\"has-text-align-left\">B&amp;P tambi\u00e9n desarrolla y experiencia comprobada para toda la asesor\u00eda y litigio en relaci\u00f3n con las empresas en dificultades, tanto en la fase de prevenci\u00f3n (mandat de concertaci\u00f3n ad hoc) en el seguimiento de las acciones colectivas (copia de seguridad, recuperaci\u00f3n de liquidaci\u00f3n), por cuenta de la empresa o de sus acreedores, incluyendo el banco.<\/p>\n<\/div>\n<div id=\"gtx-trans\" style=\"position: absolute; left: -196px; top: 9.0375px;\">\n<div class=\"gtx-trans-icon\"><\/div>\n<\/div>","protected":false},"excerpt":{"rendered":"<p>B&amp;P intervient r\u00e9guli\u00e8rement dans des op\u00e9rations d\u2019acquisition, de cession, de rapprochement et de restructuration d\u2019entreprises tant au Maroc qu\u2019\u00e0 l\u2019international. L\u2019exp\u00e9rience reconnue de B&amp;P en Droit des Soci\u00e9t\u00e9s favorise un accompagnement des entreprises dans la mise en \u0153uvre&#8230;<\/p>","protected":false},"author":1,"featured_media":0,"parent":1817,"menu_order":0,"comment_status":"closed","ping_status":"closed","template":"","meta":{"footnotes":""},"class_list":["post-1806","page","type-page","status-publish","hentry"],"_links":{"self":[{"href":"https:\/\/benseghirpartners.com\/es\/wp-json\/wp\/v2\/pages\/1806","targetHints":{"allow":["GET"]}}],"collection":[{"href":"https:\/\/benseghirpartners.com\/es\/wp-json\/wp\/v2\/pages"}],"about":[{"href":"https:\/\/benseghirpartners.com\/es\/wp-json\/wp\/v2\/types\/page"}],"author":[{"embeddable":true,"href":"https:\/\/benseghirpartners.com\/es\/wp-json\/wp\/v2\/users\/1"}],"replies":[{"embeddable":true,"href":"https:\/\/benseghirpartners.com\/es\/wp-json\/wp\/v2\/comments?post=1806"}],"version-history":[{"count":4,"href":"https:\/\/benseghirpartners.com\/es\/wp-json\/wp\/v2\/pages\/1806\/revisions"}],"predecessor-version":[{"id":2180,"href":"https:\/\/benseghirpartners.com\/es\/wp-json\/wp\/v2\/pages\/1806\/revisions\/2180"}],"up":[{"embeddable":true,"href":"https:\/\/benseghirpartners.com\/es\/wp-json\/wp\/v2\/pages\/1817"}],"wp:attachment":[{"href":"https:\/\/benseghirpartners.com\/es\/wp-json\/wp\/v2\/media?parent=1806"}],"curies":[{"name":"wp","href":"https:\/\/api.w.org\/{rel}","templated":true}]}}