{"id":1812,"date":"2019-03-20T06:42:50","date_gmt":"2019-03-20T06:42:50","guid":{"rendered":"http:\/\/themebeer.com\/wp\/fexa\/business-law-copy\/"},"modified":"2021-01-01T20:35:16","modified_gmt":"2021-01-01T20:35:16","slug":"droit-penal-et-droit-penal-des-affaires","status":"publish","type":"page","link":"https:\/\/benseghirpartners.com\/es\/domaines-dintervention\/droit-penal-et-droit-penal-des-affaires\/","title":{"rendered":"Derecho penal y penal, Derecho de los negocios"},"content":{"rendered":"<p>B&amp;P est\u00e1 presente en todas las etapas de los procedimientos penales que pueden afectar a la actividad social (incluyendo las actividades empresariales, de gobierno, de gesti\u00f3n financiera y contabilidad, relaciones sociales). Tambi\u00e9n cuenta con una pr\u00e1ctica aceptada en el derecho penal, la banca, el derecho penal, fiscal y penal derecho financiero.<\/p>\n<p>La Firma regularmente asiste a sus clientes en casos de naturaleza sensible, tales como el ret\u00e9n ilegal de inter\u00e9s, la corrupci\u00f3n, el tr\u00e1fico de influencias.<\/p>\n<p>Ha desarrollado una gran experiencia en las \u00e1reas de derecho penal, el medio ambiente, derecho penal, derecho de la salud, de procedimiento penal de la obra de la ley penal de actividades industriales (delitos no intencionales), el ciber-crimen, la protecci\u00f3n de datos de car\u00e1cter personal, el derecho penal de la competencia y de la distribuci\u00f3n y el consumo.<\/p>\n<p>Tambi\u00e9n est\u00e1 involucrado en la implementaci\u00f3n del proceso\u00a0<em>el cumplimiento de<\/em>\u00a0en particular, en el campo de la anti-corrupci\u00f3n y anti-lavado de dinero. Tambi\u00e9n ofrece estrategias necesarias civil cuando sus clientes son v\u00edctimas de delitos (incluyendo la medida de precauci\u00f3n activos y acci\u00f3n de cumplimiento.<\/p>","protected":false},"excerpt":{"rendered":"<p>B&amp;P intervient \u00e0 tous les stades de la proc\u00e9dure p\u00e9nale susceptible d\u2019affecter l\u2019activit\u00e9 sociale (notamment activit\u00e9s commerciales, gouvernance, gestion financi\u00e8re et comptable, relations sociales). Il dispose \u00e9galement d\u2019une pratique reconnue\u00a0en mati\u00e8re de droit p\u00e9nal bancaire, droit p\u00e9nal fiscal&#8230;<\/p>","protected":false},"author":1,"featured_media":0,"parent":1817,"menu_order":0,"comment_status":"closed","ping_status":"closed","template":"","meta":{"footnotes":""},"class_list":["post-1812","page","type-page","status-publish","hentry"],"_links":{"self":[{"href":"https:\/\/benseghirpartners.com\/es\/wp-json\/wp\/v2\/pages\/1812","targetHints":{"allow":["GET"]}}],"collection":[{"href":"https:\/\/benseghirpartners.com\/es\/wp-json\/wp\/v2\/pages"}],"about":[{"href":"https:\/\/benseghirpartners.com\/es\/wp-json\/wp\/v2\/types\/page"}],"author":[{"embeddable":true,"href":"https:\/\/benseghirpartners.com\/es\/wp-json\/wp\/v2\/users\/1"}],"replies":[{"embeddable":true,"href":"https:\/\/benseghirpartners.com\/es\/wp-json\/wp\/v2\/comments?post=1812"}],"version-history":[{"count":3,"href":"https:\/\/benseghirpartners.com\/es\/wp-json\/wp\/v2\/pages\/1812\/revisions"}],"predecessor-version":[{"id":2182,"href":"https:\/\/benseghirpartners.com\/es\/wp-json\/wp\/v2\/pages\/1812\/revisions\/2182"}],"up":[{"embeddable":true,"href":"https:\/\/benseghirpartners.com\/es\/wp-json\/wp\/v2\/pages\/1817"}],"wp:attachment":[{"href":"https:\/\/benseghirpartners.com\/es\/wp-json\/wp\/v2\/media?parent=1812"}],"curies":[{"name":"wp","href":"https:\/\/api.w.org\/{rel}","templated":true}]}}