{"id":1814,"date":"2019-03-20T06:43:05","date_gmt":"2019-03-20T06:43:05","guid":{"rendered":"http:\/\/themebeer.com\/wp\/fexa\/civil-rights-copy\/"},"modified":"2021-01-01T20:31:04","modified_gmt":"2021-01-01T20:31:04","slug":"propriete-intellectuelle","status":"publish","type":"page","link":"https:\/\/benseghirpartners.com\/es\/domaines-dintervention\/propriete-intellectuelle\/","title":{"rendered":"De propiedad intelectual"},"content":{"rendered":"<p>B&amp;P proporciona todos los aspectos legales relacionados con la propiedad intelectual, con conocimientos espec\u00edficos en el \u00e1rea de consultor\u00eda estrat\u00e9gica para la adquisici\u00f3n, operaci\u00f3n, y la defensa de la cartera de los activos intangibles a nivel internacional. B&amp;P ha desarrollado en paralelo con una s\u00f3lida experiencia en litigio, incluyendo el pleito de infracci\u00f3n o de la competencia desleal en Marruecos y en el extranjero.<\/p>\n<p>B&amp;P ofrece un servicio completo, desde la auditor\u00eda de la herencia intelectual de las empresas, asistencia en la negociaci\u00f3n y redacci\u00f3n de contratos, los contratos de cesi\u00f3n, licencia, o de la convivencia.<\/p>\n<p>Nuestro equipo de beneficio a partir de una s\u00f3lida experiencia en el desarrollo de las tecnolog\u00edas digitales, y gu\u00eda en el cumplimiento de las distintas regulaciones marroqu\u00ed y europea, especialmente en relaci\u00f3n a la protecci\u00f3n de datos de car\u00e1cter personal.<\/p>","protected":false},"excerpt":{"rendered":"<p>B&amp;P assure l\u2019ensemble des aspects juridiques li\u00e9s \u00e0 la propri\u00e9t\u00e9 intellectuelle, avec une expertise sp\u00e9cifique en mati\u00e8re de conseil strat\u00e9gique pour l\u2019acquisition, l\u2019exploitation et la d\u00e9fense de portefeuille d\u2019actifs immat\u00e9riels au niveau international. B&amp;P a d\u00e9velopp\u00e9 en parall\u00e8le&#8230;<\/p>","protected":false},"author":1,"featured_media":0,"parent":1817,"menu_order":0,"comment_status":"closed","ping_status":"closed","template":"","meta":{"footnotes":""},"class_list":["post-1814","page","type-page","status-publish","hentry"],"_links":{"self":[{"href":"https:\/\/benseghirpartners.com\/es\/wp-json\/wp\/v2\/pages\/1814","targetHints":{"allow":["GET"]}}],"collection":[{"href":"https:\/\/benseghirpartners.com\/es\/wp-json\/wp\/v2\/pages"}],"about":[{"href":"https:\/\/benseghirpartners.com\/es\/wp-json\/wp\/v2\/types\/page"}],"author":[{"embeddable":true,"href":"https:\/\/benseghirpartners.com\/es\/wp-json\/wp\/v2\/users\/1"}],"replies":[{"embeddable":true,"href":"https:\/\/benseghirpartners.com\/es\/wp-json\/wp\/v2\/comments?post=1814"}],"version-history":[{"count":2,"href":"https:\/\/benseghirpartners.com\/es\/wp-json\/wp\/v2\/pages\/1814\/revisions"}],"predecessor-version":[{"id":2184,"href":"https:\/\/benseghirpartners.com\/es\/wp-json\/wp\/v2\/pages\/1814\/revisions\/2184"}],"up":[{"embeddable":true,"href":"https:\/\/benseghirpartners.com\/es\/wp-json\/wp\/v2\/pages\/1817"}],"wp:attachment":[{"href":"https:\/\/benseghirpartners.com\/es\/wp-json\/wp\/v2\/media?parent=1814"}],"curies":[{"name":"wp","href":"https:\/\/api.w.org\/{rel}","templated":true}]}}