{"id":1819,"date":"2019-03-20T06:44:14","date_gmt":"2019-03-20T06:44:14","guid":{"rendered":"http:\/\/themebeer.com\/wp\/fexa\/practice-area\/education-law-copy\/"},"modified":"2021-01-01T20:27:46","modified_gmt":"2021-01-01T20:27:46","slug":"droit-du-numerique-et-securite","status":"publish","type":"page","link":"https:\/\/benseghirpartners.com\/es\/domaines-dintervention\/droit-du-numerique-et-securite\/","title":{"rendered":"La ley de Digital y de Seguridad"},"content":{"rendered":"<p>Tenemos todo lo que necesitas para todas las cuestiones de la gesti\u00f3n de contratos en el \u00e1mbito de las nuevas tecnolog\u00edas y las cuestiones controvertidas son complejas: la ciberdelincuencia, la infracci\u00f3n de derechos de autor, la seguridad de las infracciones y de las infracciones en materia de protecci\u00f3n de datos de car\u00e1cter personal.<\/p>\n<p>Asesoramos en el desarrollo, implementaci\u00f3n y despliegue de plataformas basadas en web e internacionales o regionales de soluciones de e-commerce, internet de las cosas, los medios electr\u00f3nicos de pago, etc)<\/p>","protected":false},"excerpt":{"rendered":"<p>Nous vous accompagnons pour toutes les probl\u00e9matiques de gestion des contrats en mati\u00e8re de nouvelles technologies et des questions litigieuses complexes: cybercriminalit\u00e9, violation des droits d\u2019auteur, failles de s\u00e9curit\u00e9 et violation en mati\u00e8re de protection de donn\u00e9es \u00e0&#8230;<\/p>","protected":false},"author":1,"featured_media":0,"parent":1817,"menu_order":0,"comment_status":"closed","ping_status":"closed","template":"","meta":{"footnotes":""},"class_list":["post-1819","page","type-page","status-publish","hentry"],"_links":{"self":[{"href":"https:\/\/benseghirpartners.com\/es\/wp-json\/wp\/v2\/pages\/1819","targetHints":{"allow":["GET"]}}],"collection":[{"href":"https:\/\/benseghirpartners.com\/es\/wp-json\/wp\/v2\/pages"}],"about":[{"href":"https:\/\/benseghirpartners.com\/es\/wp-json\/wp\/v2\/types\/page"}],"author":[{"embeddable":true,"href":"https:\/\/benseghirpartners.com\/es\/wp-json\/wp\/v2\/users\/1"}],"replies":[{"embeddable":true,"href":"https:\/\/benseghirpartners.com\/es\/wp-json\/wp\/v2\/comments?post=1819"}],"version-history":[{"count":4,"href":"https:\/\/benseghirpartners.com\/es\/wp-json\/wp\/v2\/pages\/1819\/revisions"}],"predecessor-version":[{"id":2279,"href":"https:\/\/benseghirpartners.com\/es\/wp-json\/wp\/v2\/pages\/1819\/revisions\/2279"}],"up":[{"embeddable":true,"href":"https:\/\/benseghirpartners.com\/es\/wp-json\/wp\/v2\/pages\/1817"}],"wp:attachment":[{"href":"https:\/\/benseghirpartners.com\/es\/wp-json\/wp\/v2\/media?parent=1819"}],"curies":[{"name":"wp","href":"https:\/\/api.w.org\/{rel}","templated":true}]}}