{"id":1821,"date":"2019-03-20T06:44:27","date_gmt":"2019-03-20T06:44:27","guid":{"rendered":"http:\/\/themebeer.com\/wp\/fexa\/practice-area\/insurance-defence-copy\/"},"modified":"2021-01-01T20:22:57","modified_gmt":"2021-01-01T20:22:57","slug":"droit-fiscal","status":"publish","type":"page","link":"https:\/\/benseghirpartners.com\/es\/domaines-dintervention\/droit-fiscal\/","title":{"rendered":"De La Ley Del Impuesto"},"content":{"rendered":"<p>La ley de impuestos complementa las habilidades de la B&amp;P , tanto a trav\u00e9s de sus conocimientos en las \u00e1reas de inversi\u00f3n de capital y fusiones y adquisiciones y, m\u00e1s en general, derecho corporativo<strong>.<\/strong><\/p>\n<p>La inversi\u00f3n de Capital, B&amp;P ofrece soluciones pr\u00e1cticas y seguridad en el inter\u00e9s de la optimizaci\u00f3n de impuestos durante el impuesto a la estructuraci\u00f3n de las fusiones y adquisiciones, LBO y joint-venture o durante la reorganizaci\u00f3n de los grupos.<\/p>\n<p>La dimensi\u00f3n patrimonial tambi\u00e9n es tomado en cuenta, lo que permite a los inversores para anticipar las preocupaciones de los l\u00edderes y gerentes de percibir las consecuencias patrimoniales de su inversi\u00f3n o su asignaci\u00f3n.<\/p>\n<p>El departamento de impuestos est\u00e1 involucrado, por cierto, en el campo de litigio fiscal para empresas y particulares.<\/p>","protected":false},"excerpt":{"rendered":"<p>Le droit fiscal compl\u00e8te les comp\u00e9tences de B&amp;P , tant de par son expertise dans les domaines du capital investissement et des fusions-acquisitions et, plus g\u00e9n\u00e9ralement, du droit des soci\u00e9t\u00e9s. En capital investissement, B&amp;P propose des solutions pratiques&#8230;<\/p>","protected":false},"author":1,"featured_media":0,"parent":1817,"menu_order":0,"comment_status":"closed","ping_status":"closed","template":"","meta":{"footnotes":""},"class_list":["post-1821","page","type-page","status-publish","hentry"],"_links":{"self":[{"href":"https:\/\/benseghirpartners.com\/es\/wp-json\/wp\/v2\/pages\/1821","targetHints":{"allow":["GET"]}}],"collection":[{"href":"https:\/\/benseghirpartners.com\/es\/wp-json\/wp\/v2\/pages"}],"about":[{"href":"https:\/\/benseghirpartners.com\/es\/wp-json\/wp\/v2\/types\/page"}],"author":[{"embeddable":true,"href":"https:\/\/benseghirpartners.com\/es\/wp-json\/wp\/v2\/users\/1"}],"replies":[{"embeddable":true,"href":"https:\/\/benseghirpartners.com\/es\/wp-json\/wp\/v2\/comments?post=1821"}],"version-history":[{"count":2,"href":"https:\/\/benseghirpartners.com\/es\/wp-json\/wp\/v2\/pages\/1821\/revisions"}],"predecessor-version":[{"id":2189,"href":"https:\/\/benseghirpartners.com\/es\/wp-json\/wp\/v2\/pages\/1821\/revisions\/2189"}],"up":[{"embeddable":true,"href":"https:\/\/benseghirpartners.com\/es\/wp-json\/wp\/v2\/pages\/1817"}],"wp:attachment":[{"href":"https:\/\/benseghirpartners.com\/es\/wp-json\/wp\/v2\/media?parent=1821"}],"curies":[{"name":"wp","href":"https:\/\/api.w.org\/{rel}","templated":true}]}}