{"id":1823,"date":"2019-03-20T06:44:45","date_gmt":"2019-03-20T06:44:45","guid":{"rendered":"http:\/\/themebeer.com\/wp\/fexa\/practice-area\/real-estate-law-copy\/"},"modified":"2021-01-01T20:28:58","modified_gmt":"2021-01-01T20:28:58","slug":"droits-des-contrats","status":"publish","type":"page","link":"https:\/\/benseghirpartners.com\/es\/domaines-dintervention\/droits-des-contrats\/","title":{"rendered":"Derechos De Los Contratos De"},"content":{"rendered":"<p>La Empresa\u00a0<strong>Benseghir &amp; Partners<\/strong>\u00a0responder en general a las necesidades de sus clientes en asuntos comerciales.<\/p>\n<ul>\n<li>Acuerdos de consorcio tecnol\u00f3gico o industrial de los acuerdos, R&amp;D<\/li>\n<li>El orden p\u00fablico y la contrataci\u00f3n p\u00fablica<\/li>\n<li>Las relaciones entre proveedores y distribuidores, la compra en grupo<\/li>\n<li>Condiciones generales y particulares de los servicios de todos los sectores<\/li>\n<li>Los contratos de cooperaci\u00f3n en el comercio, la externalizaci\u00f3n, el suministro, los intermediarios<\/li>\n<li>Grupos moment\u00e1nea de negocios<\/li>\n<li>Asistencia en la redacci\u00f3n de ofertas, p\u00fablica o privada, RFP<\/li>\n<li>La acci\u00f3n para el pago, la recuperaci\u00f3n y el incumplimiento de contrato<\/li>\n<\/ul>\n<p>Los abogados de la Firma\u00a0<strong>Benseghir &amp; Partners<\/strong>\u00a0asistir a los clientes en el contexto de la redacci\u00f3n de los contratos de derecho privado o de derecho p\u00fablico, y en el contexto de un litigio en que haya incurrido.<\/p>\n<div id=\"jp-post-flair\" class=\"sharedaddy sd-like-enabled sd-sharing-enabled\">\n<div class=\"sharedaddy sd-sharing-enabled\" tabindex=\"0\"><\/div>\n<\/div>","protected":false},"excerpt":{"rendered":"<p>Le Cabinet\u00a0Benseghir &amp; Partners\u00a0r\u00e9pond plus g\u00e9n\u00e9ralement aux besoins de ses clients en mati\u00e8re commerciale. Accords de consortium technologiques ou industriels, accords de R&amp;D Commande publique et march\u00e9s publics Relations entre fournisseurs et distributeurs, centrales d\u2019achats Conditions g\u00e9n\u00e9rales et&#8230;<\/p>","protected":false},"author":1,"featured_media":0,"parent":1817,"menu_order":0,"comment_status":"closed","ping_status":"closed","template":"","meta":{"footnotes":""},"class_list":["post-1823","page","type-page","status-publish","hentry"],"_links":{"self":[{"href":"https:\/\/benseghirpartners.com\/es\/wp-json\/wp\/v2\/pages\/1823","targetHints":{"allow":["GET"]}}],"collection":[{"href":"https:\/\/benseghirpartners.com\/es\/wp-json\/wp\/v2\/pages"}],"about":[{"href":"https:\/\/benseghirpartners.com\/es\/wp-json\/wp\/v2\/types\/page"}],"author":[{"embeddable":true,"href":"https:\/\/benseghirpartners.com\/es\/wp-json\/wp\/v2\/users\/1"}],"replies":[{"embeddable":true,"href":"https:\/\/benseghirpartners.com\/es\/wp-json\/wp\/v2\/comments?post=1823"}],"version-history":[{"count":3,"href":"https:\/\/benseghirpartners.com\/es\/wp-json\/wp\/v2\/pages\/1823\/revisions"}],"predecessor-version":[{"id":2186,"href":"https:\/\/benseghirpartners.com\/es\/wp-json\/wp\/v2\/pages\/1823\/revisions\/2186"}],"up":[{"embeddable":true,"href":"https:\/\/benseghirpartners.com\/es\/wp-json\/wp\/v2\/pages\/1817"}],"wp:attachment":[{"href":"https:\/\/benseghirpartners.com\/es\/wp-json\/wp\/v2\/media?parent=1823"}],"curies":[{"name":"wp","href":"https:\/\/api.w.org\/{rel}","templated":true}]}}