{"id":1847,"date":"2019-03-20T08:03:13","date_gmt":"2019-03-20T08:03:13","guid":{"rendered":"http:\/\/themebeer.com\/wp\/fexa\/?page_id=1847"},"modified":"2020-12-26T21:06:30","modified_gmt":"2020-12-26T21:06:30","slug":"contact","status":"publish","type":"page","link":"https:\/\/benseghirpartners.com\/es\/contact\/","title":{"rendered":"Contacto"},"content":{"rendered":"<div class=\"wpb-content-wrapper\"><div data-vc-full-width=\"true\" data-vc-full-width-init=\"false\" data-vc-stretch-content=\"true\" class=\"vc_row wpb_row vc_row-fluid vc_custom_1566621417489 vc_row-no-padding\"><div class=\"wpb_column vc_column_container vc_col-sm-12\"><div class=\"vc_column-inner\"><div class=\"wpb_wrapper\"><div class=\"wpb_gmaps_widget wpb_content_element\"><div class=\"wpb_wrapper\"><div class=\"wpb_map_wraper\"><iframe src=\"https:\/\/www.google.com\/maps\/embed?pb=!1m18!1m12!1m3!1d3323.5928607702745!2d-7.6219436847970625!3d33.58991878073421!2m3!1f0!2f0!3f0!3m2!1i1024!2i768!4f13.1!3m3!1m2!1s0xda7d299809c02f5%3A0x53b0e0bea8ff17b7!2s19%20Ave%20Hassan%20II%2C%20Casablanca%2020250%2C%20Morocco!5e0!3m2!1sen!2sbd!4v1609016376545!5m2!1sen!2sbd\" width=\"600\" height=\"450\" frameborder=\"0\" style=\"border:0;\" allowfullscreen=\"\" aria-hidden=\"false\" tabindex=\"0\"><\/iframe><\/div><\/div><\/div><\/div><\/div><\/div><\/div><div class=\"vc_row-full-width\"><\/div><div class=\"vc_row wpb_row vc_row-fluid vc_custom_1553075357226\"><div class=\"wpb_column vc_column_container vc_col-sm-4\"><div class=\"vc_column-inner\"><div class=\"wpb_wrapper\"><div  class=\"wpb_widgetised_column wpb_content_element\">\n\t\t<div class=\"wpb_wrapper\">\n\t\t\t\n\t\t\t<aside class=\"sidebar sidebar--left mb40\"><section id=\"text-2\" class=\"widget widget_text\"><h4 class=\"widget__title\">P\u00f3ngase en contacto con nosotros<\/h4>\t\t\t<div class=\"textwidget\"><p>19, Avenue Hassan II<br \/>Casablanca, 20000<br \/>Marruecos<br \/>Tel : (212) 5 22 47 61 20<br \/>Tel : (212) 5 22 40 47 61<br \/>Fax : (212) 5 22 47 61 30<br \/>cabi.benseghir@gmail.com<\/p>\n<\/div>\n\t\t<\/section><\/aside>\n\t\t<\/div>\n\t<\/div>\n<\/div><\/div><\/div><div class=\"wpb_column vc_column_container vc_col-sm-8\"><div class=\"vc_column-inner\"><div class=\"wpb_wrapper\">  <div class=\"pdb20\">\n    <h3 class=\"team-contact-title\">Enviar el mensaje<\/h3>\n    <div class=\"pdt40\"><\/div>\n    \n<div class=\"wpcf7 no-js\" id=\"wpcf7-f1850-o1\" lang=\"en-US\" dir=\"ltr\" data-wpcf7-id=\"1850\">\n<div class=\"screen-reader-response\"><p role=\"status\" aria-live=\"polite\" aria-atomic=\"true\"><\/p> <ul><\/ul><\/div>\n<form action=\"\/es\/wp-json\/wp\/v2\/pages\/1847#wpcf7-f1850-o1\" method=\"post\" class=\"wpcf7-form init\" aria-label=\"Contact form\" novalidate=\"novalidate\" data-status=\"init\" data-trp-original-action=\"\/es\/wp-json\/wp\/v2\/pages\/1847#wpcf7-f1850-o1\">\n<div style=\"display: none;\">\n<input type=\"hidden\" name=\"_wpcf7\" value=\"1850\" \/>\n<input type=\"hidden\" name=\"_wpcf7_version\" value=\"6.0.6\" \/>\n<input type=\"hidden\" name=\"_wpcf7_locale\" value=\"en_US\" \/>\n<input type=\"hidden\" name=\"_wpcf7_unit_tag\" value=\"wpcf7-f1850-o1\" \/>\n<input type=\"hidden\" name=\"_wpcf7_container_post\" value=\"0\" \/>\n<input type=\"hidden\" name=\"_wpcf7_posted_data_hash\" value=\"\" \/>\n<\/div>\n<div class=\"form-group form-group--material\">\n\t<p><label>Nombre<\/label><span class=\"wpcf7-form-control-wrap\" data-name=\"name\"><input size=\"40\" maxlength=\"400\" class=\"wpcf7-form-control wpcf7-text form-control\" aria-invalid=\"false\" value=\"\" type=\"text\" name=\"name\" \/><\/span>\n\t<\/p>\n<\/div>\n<div class=\"form-group form-group--material\">\n\t<p><label>E-mail<\/label><span class=\"wpcf7-form-control-wrap\" data-name=\"email\"><input size=\"40\" maxlength=\"400\" class=\"wpcf7-form-control wpcf7-text form-control\" aria-invalid=\"false\" value=\"\" type=\"text\" name=\"email\" \/><\/span>\n\t<\/p>\n<\/div>\n<div class=\"form-group form-group--material\">\n\t<p><label>Tel\u00e9fono<\/label><span class=\"wpcf7-form-control-wrap\" data-name=\"phone\"><input size=\"40\" maxlength=\"400\" class=\"wpcf7-form-control wpcf7-text form-control\" aria-invalid=\"false\" value=\"\" type=\"text\" name=\"phone\" \/><\/span>\n\t<\/p>\n<\/div>\n<div class=\"form-group form-group--material\">\n\t<p><label>Detalles<\/label><span class=\"wpcf7-form-control-wrap\" data-name=\"Envoyez\"><textarea cols=\"40\" rows=\"10\" maxlength=\"2000\" class=\"wpcf7-form-control wpcf7-textarea form-control\" aria-invalid=\"false\" name=\"Envoyez\"><\/textarea><\/span>\n\t<\/p>\n<\/div>\n<p><input type=\"submit\" value=\"Enviar el mensaje\" class=\"btn base-bg btn-md\" \/>\n<\/p><div class=\"wpcf7-response-output\" aria-hidden=\"true\"><\/div>\n<input type=\"hidden\" name=\"trp-form-language\" value=\"es\"\/><\/form>\n<\/div>\n   \n  <\/div>\n<\/div><\/div><\/div><\/div>\n<\/div>","protected":false},"excerpt":{"rendered":"Contactez-nous 19, Avenue Hassan IICasablanca, 20000MarocT\u00e9l : (212) 5 22 47 61 20T\u00e9l : (212) 5 22 47 61 40Fax : (212) 5 22 47 61 30cabi.benseghir@gmail.com Envoyer le message Nom E-mail T\u00e9l\u00e9phone D\u00e9tails","protected":false},"author":1,"featured_media":0,"parent":0,"menu_order":0,"comment_status":"closed","ping_status":"closed","template":"template-parts\/tmp-box-page.php","meta":{"footnotes":""},"class_list":["post-1847","page","type-page","status-publish","hentry"],"_links":{"self":[{"href":"https:\/\/benseghirpartners.com\/es\/wp-json\/wp\/v2\/pages\/1847","targetHints":{"allow":["GET"]}}],"collection":[{"href":"https:\/\/benseghirpartners.com\/es\/wp-json\/wp\/v2\/pages"}],"about":[{"href":"https:\/\/benseghirpartners.com\/es\/wp-json\/wp\/v2\/types\/page"}],"author":[{"embeddable":true,"href":"https:\/\/benseghirpartners.com\/es\/wp-json\/wp\/v2\/users\/1"}],"replies":[{"embeddable":true,"href":"https:\/\/benseghirpartners.com\/es\/wp-json\/wp\/v2\/comments?post=1847"}],"version-history":[{"count":4,"href":"https:\/\/benseghirpartners.com\/es\/wp-json\/wp\/v2\/pages\/1847\/revisions"}],"predecessor-version":[{"id":2215,"href":"https:\/\/benseghirpartners.com\/es\/wp-json\/wp\/v2\/pages\/1847\/revisions\/2215"}],"wp:attachment":[{"href":"https:\/\/benseghirpartners.com\/es\/wp-json\/wp\/v2\/media?parent=1847"}],"curies":[{"name":"wp","href":"https:\/\/api.w.org\/{rel}","templated":true}]}}